{"id":28,"date":"2016-09-02T17:43:26","date_gmt":"2016-09-02T17:43:26","guid":{"rendered":"http:\/\/heike-schulze-stiftung.de\/wordpress03\/?page_id=28"},"modified":"2016-10-07T12:13:35","modified_gmt":"2016-10-07T12:13:35","slug":"foerderprojekte","status":"publish","type":"page","link":"http:\/\/heike-schulze-stiftung.de\/?page_id=28","title":{"rendered":"F\u00f6rderprojekt"},"content":{"rendered":"<h4><strong>Kommunit\u00e4t Grimnitz e. V.<\/strong><\/h4>\n<p><strong>Selbstdarstellung der Kommunit\u00e4t<\/strong><\/p>\n<p>Begegnungsort f\u00fcr Frieden durch Gerechtigkeit zur Bewahrung der Sch\u00f6pfung, Spiritualit\u00e4t und soziale Kunst<\/p>\n<p>Wir sind eine kleine, christliche Gemeinschaft im Nordosten von Brandenburg, ca. 70 km von Berlin entfernt. Wir leben am Rande der Stadt Joachimsthal inmitten des Biopsph\u00e4renreservates Schorfheide-Chorin auf dem Gel\u00e4nde einer ehemaligen Oberf\u00f6rsterei. Sie ist im Besitz der \u201eHeike-Schulze-Stiftung Alte F\u00f6rsterei Grimnitz\u201c. Das Wohnhaus haben wir in den letzten 14 Jahren mit viel Eigenarbeit und Eigenmitteln denkmalgerecht renoviert und umgebaut und noch immer steht einiges aus. Zum gro\u00dfen Wohnhaus geh\u00f6rt ein Grundst\u00fcck mit Garten und Wirtschaftsgeb\u00e4uden sowie ein kleines G\u00e4ste- und Seminarhaus.<br \/>\nIdeell und theologisch verstehen wir uns dem konziliaren Prozess Frieden \u2013 Gerechtigkeit \u2013 Bewahrung der Sch\u00f6pfung verpflichtet. Darin f\u00fchlen wir uns mit der weltweiten \u00f6kumenischen Bewegung verbunden. Inspiriert von Dietrich Bonhoeffer verstehen wir unser Christsein als \u201eKirche f\u00fcr andere\u201c und f\u00fchlen uns der Theologie \u201eMystik und Widerstand\u201c Dorothee S\u00f6lles nah.<\/p>\n<p>Wir bieten Menschen aus unterschiedlichen sozialen Kontexten die M\u00f6glichkeiten der Auszeit und Einkehr, zur Mitarbeit und Reflexion, ebenso Raum f\u00fcr k\u00fcnstlerische T\u00e4tigkeit.<\/p>\n<p>Die Mitglieder unserer Lebensgemeinschaft engagieren sich in verschiedenen Bereichen sozial und \u00f6kologisch. Ein besonderes Anliegen ist uns die Arbeit mit Fl\u00fcchtlingen und politisch Verfolgten. Wir \u00f6ffnen unseren Lebensort als Zentrum der Begegnung zwischen Kulturen und Religionen. Gefl\u00fcchtete aus verschiedenen L\u00e4ndern haben bei uns Unterkunft und Hilfe gefunden.<br \/>\nIn enger Verbundenheit mit der \u00f6rtlichen evangelischen Kirchengemeinde kooperieren wir im Bereich des Kirchenasyls.<\/p>\n<p>Wir m\u00f6chten ein Ort des Dialoges und der Begegnung sein, ein Ort, um zur Ruhe zu kommen und f\u00fcr den Einsatz f\u00fcr Gerechtigkeit und Frieden in der Welt neuen Mut und Atem zu sch\u00f6pfen.<br \/>\nIn diesem Sinne suchen wir neue Mitstreiter und Mitstreiterinnen vor Ort f\u00fcr das gemeinsame Leben und Arbeiten, wie auch ideelle und finanzielle Unterst\u00fctzer und Unterst\u00fctzerinnen.<\/p>\n<p>\u201eLehre uns minderheit werden gott \/ in einem land das zu reich ist \/ zu fremdenfeindlich und zu milit\u00e4rfromm \/ pa\u00df uns an deine gerechtigkeit an \/ nicht an die mehrheit \/ bewahre uns vor der harmoniesucht \/ und verbeugungen vor den gro\u00dfen zahlen\u201c.<br \/>\n(Dorothee S\u00f6lle)<\/p>\n<p><strong><a href=\"http:\/\/kommunitaet-grimnitz.de\" target=\"_blank\">Zur Webseite der Kommunit\u00e4t<\/a><\/strong><\/p>\n","protected":false},"excerpt":{"rendered":"<p>Kommunit\u00e4t Grimnitz e. V. Selbstdarstellung der Kommunit\u00e4t Begegnungsort f\u00fcr Frieden durch Gerechtigkeit zur Bewahrung der Sch\u00f6pfung, Spiritualit\u00e4t und soziale Kunst Wir sind eine kleine, christliche Gemeinschaft im Nordosten von Brandenburg, ca. 70 km von Berlin entfernt. Wir leben am Rande der Stadt Joachimsthal inmitten des Biopsph\u00e4renreservates Schorfheide-Chorin auf dem Gel\u00e4nde einer ehemaligen Oberf\u00f6rsterei. Sie ist &hellip; <a href=\"http:\/\/heike-schulze-stiftung.de\/?page_id=28\" class=\"more-link\"><span class=\"screen-reader-text\">F\u00f6rderprojekt<\/span> weiterlesen<\/a><\/p>\n","protected":false},"author":1,"featured_media":0,"parent":0,"menu_order":0,"comment_status":"closed","ping_status":"closed","template":"","meta":[],"_links":{"self":[{"href":"http:\/\/heike-schulze-stiftung.de\/index.php?rest_route=\/wp\/v2\/pages\/28"}],"collection":[{"href":"http:\/\/heike-schulze-stiftung.de\/index.php?rest_route=\/wp\/v2\/pages"}],"about":[{"href":"http:\/\/heike-schulze-stiftung.de\/index.php?rest_route=\/wp\/v2\/types\/page"}],"author":[{"embeddable":true,"href":"http:\/\/heike-schulze-stiftung.de\/index.php?rest_route=\/wp\/v2\/users\/1"}],"replies":[{"embeddable":true,"href":"http:\/\/heike-schulze-stiftung.de\/index.php?rest_route=%2Fwp%2Fv2%2Fcomments&post=28"}],"version-history":[{"count":6,"href":"http:\/\/heike-schulze-stiftung.de\/index.php?rest_route=\/wp\/v2\/pages\/28\/revisions"}],"predecessor-version":[{"id":163,"href":"http:\/\/heike-schulze-stiftung.de\/index.php?rest_route=\/wp\/v2\/pages\/28\/revisions\/163"}],"wp:attachment":[{"href":"http:\/\/heike-schulze-stiftung.de\/index.php?rest_route=%2Fwp%2Fv2%2Fmedia&parent=28"}],"curies":[{"name":"wp","href":"https:\/\/api.w.org\/{rel}","templated":true}]}}